{"id":2131,"date":"2020-12-21T08:37:38","date_gmt":"2020-12-21T08:37:38","guid":{"rendered":"https:\/\/wordpress-486734-1655966.cloudwaysapps.com\/?page_id=2131"},"modified":"2024-10-28T19:00:48","modified_gmt":"2024-10-28T18:00:48","slug":"contact-2","status":"publish","type":"page","link":"https:\/\/compense-carbone.fr\/index.php\/contact-2\/","title":{"rendered":"Contact"},"content":{"rendered":"<style>.kb-row-layout-wrap.wp-block-kadence-rowlayout.kb-row-layout-id2131_21afc5-12{margin-top:0px;margin-bottom:0px;}.kb-row-layout-id2131_21afc5-12 > .kt-row-column-wrap{align-content:start;}:where(.kb-row-layout-id2131_21afc5-12 > .kt-row-column-wrap) > .wp-block-kadence-column{justify-content:start;}.kb-row-layout-id2131_21afc5-12 > .kt-row-column-wrap{column-gap:var(--global-kb-gap-none, 0rem );row-gap:var(--global-kb-gap-md, 2rem);max-width:1140px;margin-left:auto;margin-right:auto;padding-top:160px;padding-right:10px;padding-bottom:30px;padding-left:9px;grid-template-columns:repeat(2, minmax(0, 1fr));}.kb-row-layout-id2131_21afc5-12{background-image:url('https:\/\/compens-action.fr\/wp-content\/uploads\/2020\/11\/pexels-fauxels-3184306.jpg');background-size:cover;background-position:center center;background-attachment:scroll;background-repeat:no-repeat;}.kb-row-layout-id2131_21afc5-12 > .kt-row-layout-overlay{opacity:0.65;background-color:#2c2929;}.kb-row-layout-id2131_21afc5-12 ,.kb-row-layout-id2131_21afc5-12 h1,.kb-row-layout-id2131_21afc5-12 h2,.kb-row-layout-id2131_21afc5-12 h3,.kb-row-layout-id2131_21afc5-12 h4,.kb-row-layout-id2131_21afc5-12 h5,.kb-row-layout-id2131_21afc5-12 h6{color:var(--global-palette4, #2D3748);}@media all and (max-width: 1024px){.kb-row-layout-id2131_21afc5-12 > .kt-row-column-wrap{padding-top:120px;padding-right:120px;padding-bottom:60px;padding-left:60px;grid-template-columns:repeat(2, minmax(0, 1fr));}}@media all and (max-width: 767px){.kb-row-layout-id2131_21afc5-12 > .kt-row-column-wrap{padding-top:120px;padding-right:20px;padding-bottom:30px;padding-left:20px;grid-template-columns:minmax(0, 1fr);}}<\/style><div class=\"kb-row-layout-wrap kb-row-layout-id2131_21afc5-12 alignnone kt-row-has-bg wp-block-kadence-rowlayout\"><div class=\"kt-row-layout-overlay kt-row-overlay-normal\"><\/div><div class=\"kt-row-column-wrap kt-has-2-columns kt-row-layout-equal kt-tab-layout-inherit kt-mobile-layout-row kt-row-valign-top\">\n<style>.kadence-column2131_b870ad-85 > .kt-inside-inner-col,.kadence-column2131_b870ad-85 > .kt-inside-inner-col:before{border-top-left-radius:0px;border-top-right-radius:0px;border-bottom-right-radius:0px;border-bottom-left-radius:0px;}.kadence-column2131_b870ad-85 > .kt-inside-inner-col{column-gap:var(--global-kb-gap-sm, 1rem);}.kadence-column2131_b870ad-85 > .kt-inside-inner-col{flex-direction:column;}.kadence-column2131_b870ad-85 > .kt-inside-inner-col > .aligncenter{width:100%;}.kadence-column2131_b870ad-85 > .kt-inside-inner-col:before{opacity:0.3;}.kadence-column2131_b870ad-85{position:relative;}@media all and (max-width: 1024px){.kadence-column2131_b870ad-85 > .kt-inside-inner-col{flex-direction:column;justify-content:center;}}@media all and (max-width: 767px){.kadence-column2131_b870ad-85 > .kt-inside-inner-col{flex-direction:column;justify-content:center;}}<\/style>\n<div class=\"wp-block-kadence-column kadence-column2131_b870ad-85 inner-column-1\"><div class=\"kt-inside-inner-col\"><style>.wp-block-kadence-advancedheading.kt-adv-heading2131_01c22a-95, .wp-block-kadence-advancedheading.kt-adv-heading2131_01c22a-95[data-kb-block=\"kb-adv-heading2131_01c22a-95\"]{text-align:left;font-size:80px;line-height:80px;font-weight:700;font-style:normal;letter-spacing:-2px;}.wp-block-kadence-advancedheading.kt-adv-heading2131_01c22a-95 mark.kt-highlight, .wp-block-kadence-advancedheading.kt-adv-heading2131_01c22a-95[data-kb-block=\"kb-adv-heading2131_01c22a-95\"] mark.kt-highlight{font-style:normal;color:#f76a0c;-webkit-box-decoration-break:clone;box-decoration-break:clone;padding-top:0px;padding-right:0px;padding-bottom:0px;padding-left:0px;}@media all and (max-width: 1024px){.wp-block-kadence-advancedheading.kt-adv-heading2131_01c22a-95, .wp-block-kadence-advancedheading.kt-adv-heading2131_01c22a-95[data-kb-block=\"kb-adv-heading2131_01c22a-95\"]{font-size:60px;}}@media all and (max-width: 767px){.wp-block-kadence-advancedheading.kt-adv-heading2131_01c22a-95, .wp-block-kadence-advancedheading.kt-adv-heading2131_01c22a-95[data-kb-block=\"kb-adv-heading2131_01c22a-95\"]{font-size:45px;}}<\/style>\n<h1 class=\"kt-adv-heading2131_01c22a-95 wp-block-kadence-advancedheading has-theme-palette-9-color has-text-color\" data-kb-block=\"kb-adv-heading2131_01c22a-95\">Contact<\/h1>\n<\/div><\/div>\n\n\n<style>.kadence-column2131_d73820-56 > .kt-inside-inner-col,.kadence-column2131_d73820-56 > .kt-inside-inner-col:before{border-top-left-radius:0px;border-top-right-radius:0px;border-bottom-right-radius:0px;border-bottom-left-radius:0px;}.kadence-column2131_d73820-56 > .kt-inside-inner-col{column-gap:var(--global-kb-gap-sm, 1rem);}.kadence-column2131_d73820-56 > .kt-inside-inner-col{flex-direction:column;}.kadence-column2131_d73820-56 > .kt-inside-inner-col > .aligncenter{width:100%;}.kadence-column2131_d73820-56 > .kt-inside-inner-col:before{opacity:0.3;}.kadence-column2131_d73820-56{position:relative;}@media all and (max-width: 1024px){.kadence-column2131_d73820-56 > .kt-inside-inner-col{flex-direction:column;justify-content:center;}}@media all and (max-width: 767px){.kadence-column2131_d73820-56 > .kt-inside-inner-col{flex-direction:column;justify-content:center;}}<\/style>\n<div class=\"wp-block-kadence-column kadence-column2131_d73820-56 inner-column-2\"><div class=\"kt-inside-inner-col\"><\/div><\/div>\n\n<\/div><\/div>\n\n<style>.kb-row-layout-wrap.wp-block-kadence-rowlayout.kb-row-layout-id2131_e2aac3-5b{margin-top:0px;margin-bottom:0px;}.kb-row-layout-id2131_e2aac3-5b > .kt-row-column-wrap{align-content:start;}:where(.kb-row-layout-id2131_e2aac3-5b > .kt-row-column-wrap) > .wp-block-kadence-column{justify-content:start;}.kb-row-layout-id2131_e2aac3-5b > .kt-row-column-wrap{column-gap:var(--global-kb-gap-none, 0rem );row-gap:var(--global-kb-gap-md, 2rem);max-width:1140px;margin-left:auto;margin-right:auto;padding-top:80px;padding-right:0px;padding-bottom:0px;padding-left:0px;grid-template-columns:minmax(0, calc(55% - ((var(--global-kb-gap-none, 0rem ) * 1 )\/2)))minmax(0, calc(45% - ((var(--global-kb-gap-none, 0rem ) * 1 )\/2)));}.kb-row-layout-id2131_e2aac3-5b > .kt-row-layout-overlay{opacity:0.30;}@media all and (max-width: 1024px){.kb-row-layout-id2131_e2aac3-5b > .kt-row-column-wrap{padding-top:60px;padding-right:30px;padding-bottom:0px;padding-left:30px;grid-template-columns:minmax(0, 1fr);}}@media all and (max-width: 767px){.kb-row-layout-id2131_e2aac3-5b > .kt-row-column-wrap{grid-template-columns:minmax(0, 1fr);}}<\/style><div class=\"kb-row-layout-wrap kb-row-layout-id2131_e2aac3-5b alignnone wp-block-kadence-rowlayout\"><div class=\"kt-row-column-wrap kt-has-2-columns kt-row-layout-equal kt-tab-layout-row kt-mobile-layout-row kt-row-valign-top\">\n<style>.kadence-column2131_0a8512-58 > .kt-inside-inner-col{padding-top:0px;padding-right:60px;padding-bottom:0px;padding-left:10px;}.kadence-column2131_0a8512-58 > .kt-inside-inner-col,.kadence-column2131_0a8512-58 > .kt-inside-inner-col:before{border-top-left-radius:0px;border-top-right-radius:0px;border-bottom-right-radius:0px;border-bottom-left-radius:0px;}.kadence-column2131_0a8512-58 > .kt-inside-inner-col{column-gap:var(--global-kb-gap-sm, 1rem);}.kadence-column2131_0a8512-58 > .kt-inside-inner-col{flex-direction:column;}.kadence-column2131_0a8512-58 > .kt-inside-inner-col > .aligncenter{width:100%;}.kadence-column2131_0a8512-58 > .kt-inside-inner-col:before{opacity:0.3;}.kadence-column2131_0a8512-58{position:relative;}.kadence-column2131_0a8512-58, .kt-inside-inner-col > .kadence-column2131_0a8512-58:not(.specificity){margin-top:0px;margin-right:0px;margin-bottom:0px;margin-left:0px;}@media all and (max-width: 1024px){.kadence-column2131_0a8512-58 > .kt-inside-inner-col{flex-direction:column;justify-content:center;}}@media all and (max-width: 767px){.kadence-column2131_0a8512-58 > .kt-inside-inner-col{flex-direction:column;justify-content:center;}}<\/style>\n<div class=\"wp-block-kadence-column kadence-column2131_0a8512-58 inner-column-1\"><div class=\"kt-inside-inner-col\"><style>.wp-block-kadence-advancedheading.kt-adv-heading2131_eda36a-b8, .wp-block-kadence-advancedheading.kt-adv-heading2131_eda36a-b8[data-kb-block=\"kb-adv-heading2131_eda36a-b8\"]{margin-top:20px;font-size:30px;line-height:1.2em;font-weight:700;font-style:normal;}.wp-block-kadence-advancedheading.kt-adv-heading2131_eda36a-b8 mark.kt-highlight, .wp-block-kadence-advancedheading.kt-adv-heading2131_eda36a-b8[data-kb-block=\"kb-adv-heading2131_eda36a-b8\"] mark.kt-highlight{font-style:normal;color:#f76a0c;-webkit-box-decoration-break:clone;box-decoration-break:clone;padding-top:0px;padding-right:0px;padding-bottom:0px;padding-left:0px;}<\/style>\n<h3 class=\"kt-adv-heading2131_eda36a-b8 wp-block-kadence-advancedheading\" data-kb-block=\"kb-adv-heading2131_eda36a-b8\">Contactez nous<\/h3>\n\n\n<style>.wp-block-kadence-advancedheading.kt-adv-heading2131_12ad98-3b, .wp-block-kadence-advancedheading.kt-adv-heading2131_12ad98-3b[data-kb-block=\"kb-adv-heading2131_12ad98-3b\"]{margin-bottom:20px;font-style:normal;}.wp-block-kadence-advancedheading.kt-adv-heading2131_12ad98-3b mark.kt-highlight, .wp-block-kadence-advancedheading.kt-adv-heading2131_12ad98-3b[data-kb-block=\"kb-adv-heading2131_12ad98-3b\"] mark.kt-highlight{font-style:normal;color:#f76a0c;-webkit-box-decoration-break:clone;box-decoration-break:clone;padding-top:0px;padding-right:0px;padding-bottom:0px;padding-left:0px;}<\/style>\n<p class=\"kt-adv-heading2131_12ad98-3b wp-block-kadence-advancedheading\" data-kb-block=\"kb-adv-heading2131_12ad98-3b\">Notre \u00e9quipe se fera un plaisir de vous r\u00e9pondre !<\/p>\n\n\n<style>.kadence-form-2131_b71de5-71 .kb-form .kadence-blocks-form-field{padding-right:15px;padding-left:15px;}.kadence-form-2131_b71de5-71 .kb-form{margin-right:-15px;margin-left:-15px;}.kadence-form-2131_b71de5-71 .kb-form .kadence-blocks-form-field .kb-text-style-field, .kadence-form-2131_b71de5-71 .kb-form .kadence-blocks-form-field .kb-select-style-field{color:var(--global-palette4, #2D3748);line-height:1em;background:var(--global-palette9, #ffffff);border-color:rgba(113, 128, 150, 0.4);}.kadence-form-2131_b71de5-71 .kb-form .kadence-blocks-form-field .kb-text-style-field:focus, .kadence-form-2131_b71de5-71 .kb-form .kadence-blocks-form-field .kb-select-style-field:focus{color:var(--global-palette3, #1A202C);background:var(--global-palette9, #ffffff);}.kadence-form-2131_b71de5-71 .kb-form .kadence-blocks-form-field > label{font-weight:bold;}.kadence-form-2131_b71de5-71 .kb-form .kadence-blocks-form-field .kb-forms-submit{padding-top:4px;padding-right:16px;padding-bottom:4px;padding-left:16px;}.kb-form input.kadence-blocks-field.verify{opacity:0.0;position:absolute;top:0.0;left:0.0;width:0.0;height:0.0;z-index:-1;}<\/style>\n<div class=\"wp-block-kadence-form kadence-form-2131_b71de5-71 kb-form-wrap\"><form class=\"kb-form\" action=\"\" method=\"post\"><div class=\"kadence-blocks-form-field kb-field-desk-width-50 kb-input-size-standard\"><label for=\"kb_field_2131_b71de5-71_0\">Nom-Pr\u00e9nom<span class=\"required\">*<\/span><\/label><input name=\"kb_field_0\" id=\"kb_field_2131_b71de5-71_0\" data-label=\"Nom-Pr\u00e9nom\" type=\"text\" placeholder=\"\" value=\"\" data-type=\"text\" class=\"kb-field kb-text-style-field kb-text-field kb-field-0\" data-required=\"yes\"\/><\/div><div class=\"kadence-blocks-form-field kb-form-field-1 kb-field-desk-width-50 kb-input-size-standard\"><label for=\"kb_field_2131_b71de5-71_1\">T\u00e9l\u00e9phone<span class=\"required\">*<\/span><\/label><input name=\"kb_field_1\" id=\"kb_field_2131_b71de5-71_1\" data-label=\"T\u00e9l\u00e9phone\" type=\"text\" placeholder=\"\" value=\"\" data-type=\"text\" class=\"kb-field kb-text-style-field kb-text-field kb-field-1\" data-required=\"yes\"\/><\/div><div class=\"kadence-blocks-form-field kb-form-field-2 kb-field-desk-width-50 kb-input-size-standard\"><label for=\"kb_field_2131_b71de5-71_2\">Email<span class=\"required\">*<\/span><\/label><input name=\"kb_field_2\" id=\"kb_field_2131_b71de5-71_2\" data-label=\"Email\" type=\"email\" placeholder=\"\" value=\"\" data-type=\"email\" class=\"kb-field kb-text-style-field kb-email-field kb-field-2\" data-required=\"yes\"\/><\/div><div class=\"kadence-blocks-form-field kb-form-field-3 kb-field-desk-width-50 kb-input-size-standard\"><label for=\"kb_field_2131_b71de5-71_3\">Entreprise<\/label><input name=\"kb_field_3\" id=\"kb_field_2131_b71de5-71_3\" data-label=\"Entreprise\" type=\"text\" placeholder=\"\" value=\"\" data-type=\"text\" class=\"kb-field kb-text-style-field kb-text-field kb-field-3\"\/><\/div><div class=\"kadence-blocks-form-field kb-form-field-4 kb-field-desk-width-100 kb-input-size-standard\"><label for=\"kb_field_2131_b71de5-71_4\">Message<span class=\"required\">*<\/span><\/label><textarea name=\"kb_field_4\" id=\"kb_field_2131_b71de5-71_4\" data-label=\"Message\" type=\"textarea\" placeholder=\"\" data-type=\"textarea\" class=\"kb-field kb-text-style-field kb-textarea-field kb-field-4\" rows=\"20\" data-required=\"yes\"><\/textarea><\/div><input type=\"hidden\" name=\"_kb_form_id\" value=\"2131_b71de5-71\"\/><input type=\"hidden\" name=\"_kb_form_post_id\" value=\"2131\"\/><input type=\"hidden\" name=\"action\" value=\"kb_process_ajax_submit\"\/><label class=\"kadence-verify-label\">Email<input class=\"kadence-blocks-field verify\" type=\"text\" name=\"_kb_verify_email\" autocomplete=\"new-password\" aria-hidden=\"true\" placeholder=\"Email\" tabindex=\"-1\" data-1p-ignore=\"true\" data-lpignore=\"true\" \/><\/label><div class=\"kadence-blocks-form-field kb-submit-field kb-field-desk-width-100\"><button class=\"kb-forms-submit button kb-button-size-custom kb-button-width-auto\">Envoyez<\/button><\/div><\/form><\/div>\n<noscript><div class=\"kadence-blocks-form-message kadence-blocks-form-warning\">Please enable JavaScript in your browser to submit the form<\/div><style>.kadence-form-2131_b71de5-71 .kadence-blocks-form-field.kb-submit-field { display: none; }<\/style><\/noscript><\/div><\/div>\n\n\n<style>.kadence-column2131_a60e91-de > .kt-inside-inner-col{padding-top:0px;padding-right:0px;padding-bottom:0px;padding-left:0px;}.kadence-column2131_a60e91-de > .kt-inside-inner-col,.kadence-column2131_a60e91-de > .kt-inside-inner-col:before{border-top-left-radius:0px;border-top-right-radius:0px;border-bottom-right-radius:0px;border-bottom-left-radius:0px;}.kadence-column2131_a60e91-de > .kt-inside-inner-col{column-gap:var(--global-kb-gap-sm, 1rem);}.kadence-column2131_a60e91-de > .kt-inside-inner-col{flex-direction:column;}.kadence-column2131_a60e91-de > .kt-inside-inner-col > .aligncenter{width:100%;}.kadence-column2131_a60e91-de > .kt-inside-inner-col:before{opacity:0.3;}.kadence-column2131_a60e91-de{position:relative;}.kadence-column2131_a60e91-de, .kt-inside-inner-col > .kadence-column2131_a60e91-de:not(.specificity){margin-top:0px;margin-right:0px;margin-bottom:0px;margin-left:0px;}@media all and (max-width: 1024px){.kadence-column2131_a60e91-de > .kt-inside-inner-col{flex-direction:column;justify-content:center;}}@media all and (max-width: 767px){.kadence-column2131_a60e91-de > .kt-inside-inner-col{flex-direction:column;justify-content:center;}}<\/style>\n<div class=\"wp-block-kadence-column kadence-column2131_a60e91-de inner-column-2\"><div class=\"kt-inside-inner-col\"><style>.kb-row-layout-wrap.wp-block-kadence-rowlayout.kb-row-layout-id2131_18d9e6-f7{margin-top:0px;margin-bottom:0px;}.kb-row-layout-id2131_18d9e6-f7 > .kt-row-column-wrap{align-content:start;}:where(.kb-row-layout-id2131_18d9e6-f7 > .kt-row-column-wrap) > .wp-block-kadence-column{justify-content:start;}.kb-row-layout-id2131_18d9e6-f7 > .kt-row-column-wrap{column-gap:var(--global-kb-gap-md, 2rem);row-gap:var(--global-kb-gap-md, 2rem);max-width:1140px;margin-left:auto;margin-right:auto;padding-top:0px;padding-right:0px;padding-bottom:0px;padding-left:0px;grid-template-columns:minmax(0, 1fr);}.kb-row-layout-id2131_18d9e6-f7 > .kt-row-layout-overlay{opacity:0.30;}@media all and (max-width: 1024px){.kb-row-layout-id2131_18d9e6-f7 > .kt-row-column-wrap{grid-template-columns:minmax(0, 1fr);}}@media all and (max-width: 767px){.kb-row-layout-id2131_18d9e6-f7 > .kt-row-column-wrap{grid-template-columns:minmax(0, 1fr);}}<\/style><div class=\"kb-row-layout-wrap kb-row-layout-id2131_18d9e6-f7 alignnone wp-block-kadence-rowlayout\"><div class=\"kt-row-column-wrap kt-has-1-columns kt-row-layout-equal kt-tab-layout-inherit kt-mobile-layout-row kt-row-valign-top\">\n<style>.kadence-column2131_60852b-ef > .kt-inside-inner-col{padding-top:40px;padding-right:40px;padding-bottom:40px;padding-left:40px;}.kadence-column2131_60852b-ef > .kt-inside-inner-col,.kadence-column2131_60852b-ef > .kt-inside-inner-col:before{border-top-left-radius:0px;border-top-right-radius:0px;border-bottom-right-radius:0px;border-bottom-left-radius:0px;}.kadence-column2131_60852b-ef > .kt-inside-inner-col{column-gap:var(--global-kb-gap-sm, 1rem);}.kadence-column2131_60852b-ef > .kt-inside-inner-col{flex-direction:column;}.kadence-column2131_60852b-ef > .kt-inside-inner-col > .aligncenter{width:100%;}.kadence-column2131_60852b-ef > .kt-inside-inner-col{background-color:var(--global-palette7, #EDF2F7);}.kadence-column2131_60852b-ef > .kt-inside-inner-col:before{opacity:0.3;}.kadence-column2131_60852b-ef{position:relative;}@media all and (max-width: 1024px){.kadence-column2131_60852b-ef > .kt-inside-inner-col{flex-direction:column;justify-content:center;}}@media all and (max-width: 767px){.kadence-column2131_60852b-ef > .kt-inside-inner-col{flex-direction:column;justify-content:center;}}<\/style>\n<div class=\"wp-block-kadence-column kadence-column2131_60852b-ef inner-column-1 kadence-column_5356b3-4e\"><div class=\"kt-inside-inner-col\"><style>.wp-block-kadence-advancedgallery.kb-gallery-wrap-id-2131_8a9146-41{margin-top:0px;margin-right:0px;margin-bottom:0px;margin-left:0px;}.wp-block-kadence-advancedgallery .kb-gallery-type-grid.kb-gallery-id-2131_8a9146-41{margin:-5px;}.kb-gallery-type-grid.kb-gallery-id-2131_8a9146-41 .kadence-blocks-gallery-item{padding:5px;}.kb-gallery-id-2131_8a9146-41 .kadence-blocks-gallery-item .kb-gal-image-radius, .kb-gallery-id-2131_8a9146-41 .kb-slide-item .kb-gal-image-radius img{border-radius:3px 3px 3px 3px;;}.wp-block-kadence-advancedgallery.kb-gallery-wrap-id-2131_8a9146-41{overflow:visible;}.kb-gallery-id-2131_8a9146-41 .kadence-blocks-gallery-item .kb-gal-image-radius, .kb-gallery-id-2131_8a9146-41 .kadence-blocks-gallery-thumb-item .kb-gal-image-radius{box-shadow:0px 30px 20px -15px rgba(0, 0, 0, 0.2);}.kb-gallery-id-2131_8a9146-41 .kadence-blocks-gallery-item:hover .kb-gal-image-radius, .kb-gallery-id-2131_8a9146-41 .kadence-blocks-gallery-thumb-item:hover .kb-gal-image-radius{box-shadow:0px 30px 20px -15px rgba(0, 0, 0, 0.2);}<\/style><div class=\"kb-gallery-wrap-id-2131_8a9146-41 alignnone wp-block-kadence-advancedgallery\"><ul class=\"kb-gallery-ul kb-gallery-non-static kb-gallery-type-grid kb-gallery-id-2131_8a9146-41 kb-gallery-caption-style-bottom-hover kb-gallery-filter-none\" data-image-filter=\"none\" data-item-selector=\".kadence-blocks-gallery-item\" data-lightbox-caption=\"true\" data-columns-xxl=\"1\" data-columns-xl=\"1\" data-columns-md=\"1\" data-columns-sm=\"1\" data-columns-xs=\"1\" data-columns-ss=\"1\"><li class=\"kadence-blocks-gallery-item\"><div class=\"kadence-blocks-gallery-item-inner\"><figure class=\"kb-gallery-figure kadence-blocks-gallery-item-hide-caption\"><div class=\"kb-gal-image-radius\" style=\"max-width:900px;\"><div class=\"kb-gallery-image-contain kadence-blocks-gallery-intrinsic kb-gallery-image-ratio-inherit kb-has-image-ratio-inherit\" style=\"padding-bottom:133%;\"><img loading=\"lazy\" decoding=\"async\" src=\"https:\/\/compens-action.fr\/wp-content\/uploads\/2020\/11\/pexels-fauxels-3184359.jpg\" width=\"900\" height=\"1205\" alt=\"\" data-full-image=\"https:\/\/compens-action.fr\/wp-content\/uploads\/2020\/11\/pexels-fauxels-3184359.jpg\" data-light-image=\"https:\/\/compens-action.fr\/wp-content\/uploads\/2020\/11\/pexels-fauxels-3184359.jpg\" data-id=\"1254\" class=\"wp-image-1254\" srcset=\"https:\/\/compense-carbone.fr\/wp-content\/uploads\/2020\/11\/pexels-fauxels-3184359.jpg 900w, https:\/\/compense-carbone.fr\/wp-content\/uploads\/2020\/11\/pexels-fauxels-3184359-224x300.jpg 224w, https:\/\/compense-carbone.fr\/wp-content\/uploads\/2020\/11\/pexels-fauxels-3184359-765x1024.jpg 765w, https:\/\/compense-carbone.fr\/wp-content\/uploads\/2020\/11\/pexels-fauxels-3184359-768x1028.jpg 768w\" sizes=\"(max-width: 900px) 100vw, 900px\" \/><\/div><\/div><\/figure><\/div><\/li><\/ul><\/div>\n\n<style>.wp-block-kadence-spacer.kt-block-spacer-2131_30f26e-a8 .kt-block-spacer{height:50px;}.wp-block-kadence-spacer.kt-block-spacer-2131_30f26e-a8 .kt-divider{border-top-width:1px;height:1px;border-top-color:#eee;width:80%;border-top-style:solid;}<\/style>\n<div class=\"wp-block-kadence-spacer aligncenter kt-block-spacer-2131_30f26e-a8\"><div class=\"kt-block-spacer kt-block-spacer-halign-center\"><\/div><\/div>\n\n\n<style>.wp-block-kadence-advancedheading.kt-adv-heading2131_4236a0-67, .wp-block-kadence-advancedheading.kt-adv-heading2131_4236a0-67[data-kb-block=\"kb-adv-heading2131_4236a0-67\"]{margin-top:10px;font-size:30px;line-height:30px;font-style:normal;}.wp-block-kadence-advancedheading.kt-adv-heading2131_4236a0-67 mark.kt-highlight, .wp-block-kadence-advancedheading.kt-adv-heading2131_4236a0-67[data-kb-block=\"kb-adv-heading2131_4236a0-67\"] mark.kt-highlight{font-style:normal;color:#f76a0c;-webkit-box-decoration-break:clone;box-decoration-break:clone;padding-top:0px;padding-right:0px;padding-bottom:0px;padding-left:0px;}<\/style>\n<h3 class=\"kt-adv-heading2131_4236a0-67 wp-block-kadence-advancedheading\" data-kb-block=\"kb-adv-heading2131_4236a0-67\">SAS COMPENSE CARBONE<\/h3>\n\n\n<style>.wp-block-kadence-advancedheading.kt-adv-heading2131_1cb2cd-e7, .wp-block-kadence-advancedheading.kt-adv-heading2131_1cb2cd-e7[data-kb-block=\"kb-adv-heading2131_1cb2cd-e7\"]{font-style:normal;}.wp-block-kadence-advancedheading.kt-adv-heading2131_1cb2cd-e7 mark.kt-highlight, .wp-block-kadence-advancedheading.kt-adv-heading2131_1cb2cd-e7[data-kb-block=\"kb-adv-heading2131_1cb2cd-e7\"] mark.kt-highlight{font-style:normal;color:#f76a0c;-webkit-box-decoration-break:clone;box-decoration-break:clone;padding-top:0px;padding-right:0px;padding-bottom:0px;padding-left:0px;}<\/style>\n<p class=\"kt-adv-heading2131_1cb2cd-e7 wp-block-kadence-advancedheading\" data-kb-block=\"kb-adv-heading2131_1cb2cd-e7\"><strong>Bellevue,<br>43230 DOMEYRAT<\/strong><\/p>\n\n\n\n<p><strong>Mail : a.filaire@compense-carbone.fr<\/strong> <\/p>\n\n\n\n<p><strong>T\u00e9l : +33 (0)6 48 94 02 27<\/strong><\/p>\n\n\n\n<div class=\"wp-block-file\"><a id=\"wp-block-file--media-c7e5c7f6-a207-4415-a967-f1f31f4de41d\" href=\"https:\/\/compense-carbone.fr\/wp-content\/uploads\/2024\/02\/carte-de-visite-alexis-V2.pdf\">Carte de visite<\/a><a href=\"https:\/\/compense-carbone.fr\/wp-content\/uploads\/2024\/02\/carte-de-visite-alexis-V2.pdf\" class=\"wp-block-file__button wp-element-button\" download aria-describedby=\"wp-block-file--media-c7e5c7f6-a207-4415-a967-f1f31f4de41d\">T\u00e9l\u00e9charger<\/a><\/div>\n<\/div><\/div>\n\n<\/div><\/div><\/div><\/div>\n\n<\/div><\/div>\n\n\n<p><\/p>\n","protected":false},"excerpt":{"rendered":"<p>Contact Contactez nous Notre \u00e9quipe se fera un plaisir de vous r\u00e9pondre ! SAS COMPENSE CARBONE Bellevue,43230 DOMEYRAT Mail : a.filaire@compense-carbone.fr T\u00e9l : +33 (0)6 48 94 02 27<\/p>\n","protected":false},"author":1,"featured_media":0,"parent":0,"menu_order":0,"comment_status":"closed","ping_status":"closed","template":"","meta":{"_kadence_starter_templates_imported_post":true,"_kad_post_transparent":"","_kad_post_title":"hide","_kad_post_layout":"fullwidth","_kad_post_sidebar_id":"","_kad_post_content_style":"unboxed","_kad_post_vertical_padding":"hide","_kad_post_feature":"hide","_kad_post_feature_position":"","_kad_post_header":false,"_kad_post_footer":false,"footnotes":""},"class_list":["post-2131","page","type-page","status-publish","hentry"],"_links":{"self":[{"href":"https:\/\/compense-carbone.fr\/index.php\/wp-json\/wp\/v2\/pages\/2131"}],"collection":[{"href":"https:\/\/compense-carbone.fr\/index.php\/wp-json\/wp\/v2\/pages"}],"about":[{"href":"https:\/\/compense-carbone.fr\/index.php\/wp-json\/wp\/v2\/types\/page"}],"author":[{"embeddable":true,"href":"https:\/\/compense-carbone.fr\/index.php\/wp-json\/wp\/v2\/users\/1"}],"replies":[{"embeddable":true,"href":"https:\/\/compense-carbone.fr\/index.php\/wp-json\/wp\/v2\/comments?post=2131"}],"version-history":[{"count":8,"href":"https:\/\/compense-carbone.fr\/index.php\/wp-json\/wp\/v2\/pages\/2131\/revisions"}],"predecessor-version":[{"id":3262,"href":"https:\/\/compense-carbone.fr\/index.php\/wp-json\/wp\/v2\/pages\/2131\/revisions\/3262"}],"wp:attachment":[{"href":"https:\/\/compense-carbone.fr\/index.php\/wp-json\/wp\/v2\/media?parent=2131"}],"curies":[{"name":"wp","href":"https:\/\/api.w.org\/{rel}","templated":true}]}}